{"id":16,"date":"2014-03-21T09:13:29","date_gmt":"2014-03-21T09:13:29","guid":{"rendered":"http:\/\/www.denisrovira.com\/new\/director-2\/"},"modified":"2023-02-24T09:31:45","modified_gmt":"2023-02-24T09:31:45","slug":"director-films-anuncios","status":"publish","type":"page","link":"https:\/\/www.denisrovira.com\/es\/director-films-anuncios\/","title":{"rendered":"Sobre el Director"},"content":{"rendered":"<p>Denis Rovira es considerado como uno de los directores\u00a0de la nueva generaci\u00f3n de cine de g\u00e9nero fant\u00e1stico y terror espa\u00f1ol.\u00a0<br \/>\nDespu\u00e9s de escribir y dirigir tres cortometrajes multi-galardonados \u201cANGEL\u201d, \u201cLAZARUS TAXON\u201d y \u201cEL GRIFO\u201d, el 21 de julio de 2019 estrena su primer largometraje como director y co-guionista. \u00a0\u201cLA INFLUENCIA\u201d, pel\u00edcula producida por Nadie es Perfecto con la participaci\u00f3n de TVE y el ICAA es su \u00f3pera prima y cuenta con un elenco formado por Emma Su\u00e1rez, Maggie Civantos, Alain Hern\u00e1ndez, Manuela Vell\u00e9s y Claudia Placer.\u00a0<br \/>\n\u00a0<br \/>\n\u201cLA INFLUENCIA\u201d es distribuida por Sony Pictures y se posiciona entre los primeros 5 y 10 puestos del ranking en la taquilla espa\u00f1ola en junio-julio del 2019. Actualmente est\u00e1 disponible en todo el mundo en Netflix.<\/p>\n<p>En 2020 dirige 3 cap\u00edtulos para el\u00a0reboot\u00a0de la serie thriller\/suspense \u201cEL INTERNADO. LAS CUMBRES\u201d, producida por The Mediapro Studios y Buend\u00eda Estudios. La serie cuenta con un elenco encabezado por Asia Ortega, Albert Salazar, Mina El Hammani, Ramiro Blas, Natalia Dicenta, Claudia Riera, Joel Bosqued etc. Se estrena en todo el mundo el 19 de febrero de 2021 en Amazon Prime Video con un gran \u00e9xito nacional e internacional.<\/p>\n<p>En 2021 le encargan la direcci\u00f3n de 4 cap\u00edtulos de la segunda temporada \u201cEL INTERNADO, LAS CUMBRES\u201d. Se estrena el 1 abril del 2022.<\/p>\n<p>Este mismo a\u00f1o rueda 2 cap\u00edtulos de \u201cWARRIOR NUN II\u201d, producida por Netflix Studios (USA), Reality Distortion Field (Canad\u00e1) y Fresco Films (Espa\u00f1a). La serie protagonizada por Alba Batista, Kristina Tonteri- Young, Sylvia di Fanti, Trist\u00e1n Ulloa o Joaquin de Almeida, entre otros. Se estrena \u00a0el 10 noviembre del 2022.<\/p>\n<p>En el a\u00f1o 2022 rueda 4 cap\u00edtulos de la\u00a0exitosa serie\u00a0espa\u00f1ola\u00a0Original de Netflix\u00a0\u201cBIENVENIDOS A EDEN 2\u201d. Cuenta en el reparto con Belinda, Amaia Aberasturi, Amaia Salamanca, Bego\u00f1a Vargas, Berta\u00a0Casta\u00f1\u00e9 o Guillermo Pfening. Se estrena en 2023.<\/p>\n<p>Actualmente, Denis est\u00e1 desarrollando varios guiones de largometraje de g\u00e9nero.\u00a0<\/p>\n<p>(mas info en la p\u00e1gina <a href=\"https:\/\/www.imdb.com\/name\/nm1882666\/?ref_=fn_al_nm_1\" target=\"_blank\" rel=\"noopener noreferrer\">IMDB<\/a> del director)<\/p>\n<p style=\"text-align: justify;\">\u00a0<\/p>\n<div style=\"clear: both;\">\u00a0<\/div>\n","protected":false},"excerpt":{"rendered":"<p>Denis Rovira es considerado como uno de los directores\u00a0de la nueva generaci\u00f3n de cine de g\u00e9nero fant\u00e1stico y terror espa\u00f1ol.\u00a0 Despu\u00e9s de escribir y dirigir tres cortometrajes multi-galardonados \u201cANGEL\u201d, \u201cLAZARUS TAXON\u201d y \u201cEL GRIFO\u201d, el 21 de julio de 2019 estrena su primer largometraje como director y co-guionista. \u00a0\u201cLA INFLUENCIA\u201d, pel\u00edcula producida por Nadie es [&hellip;]<\/p>\n","protected":false},"author":2,"featured_media":0,"parent":0,"menu_order":14,"comment_status":"open","ping_status":"open","template":"page-about-director.php","meta":[],"acf":[],"yoast_head":"<!-- This site is optimized with the Yoast SEO plugin v15.2.1 - https:\/\/yoast.com\/wordpress\/plugins\/seo\/ -->\n<meta name=\"description\" content=\"Denis Rovira, Director y Guionista de Cinema, largometraje La influencia (Sony pictures) multipremiados cortometrajes \u201cEl Grifo\u201d, \u201cLazarus Taxon\u201d y \u201cAngel\u201d\" \/>\n<meta name=\"robots\" content=\"index, follow, max-snippet:-1, max-image-preview:large, max-video-preview:-1\" \/>\n<link rel=\"canonical\" href=\"https:\/\/www.denisrovira.com\/es\/director-films-anuncios\/\" \/>\n<meta property=\"og:locale\" content=\"es_ES\" \/>\n<meta property=\"og:type\" content=\"article\" \/>\n<meta property=\"og:title\" content=\"Sobre Cineasta, Director de Anuncios, y Escritor | Denis Rovira\" \/>\n<meta property=\"og:description\" content=\"Denis Rovira, Director y Guionista de Cinema, largometraje La influencia (Sony pictures) multipremiados cortometrajes \u201cEl Grifo\u201d, \u201cLazarus Taxon\u201d y \u201cAngel\u201d\" \/>\n<meta property=\"og:url\" content=\"https:\/\/www.denisrovira.com\/es\/director-films-anuncios\/\" \/>\n<meta property=\"og:site_name\" content=\"Denis Rovira\" \/>\n<meta property=\"article:modified_time\" content=\"2023-02-24T09:31:45+00:00\" \/>\n<meta name=\"twitter:label1\" content=\"Escrito por\">\n\t<meta name=\"twitter:data1\" content=\"Denis Rovira\">\n\t<meta name=\"twitter:label2\" content=\"Tiempo de lectura\">\n\t<meta name=\"twitter:data2\" content=\"1 minuto\">\n<script type=\"application\/ld+json\" class=\"yoast-schema-graph\">{\"@context\":\"https:\/\/schema.org\",\"@graph\":[{\"@type\":\"WebSite\",\"@id\":\"https:\/\/www.denisrovira.com\/#website\",\"url\":\"https:\/\/www.denisrovira.com\/\",\"name\":\"Denis Rovira\",\"description\":\"Writer &amp; Film Director\",\"potentialAction\":[{\"@type\":\"SearchAction\",\"target\":\"https:\/\/www.denisrovira.com\/?s={search_term_string}\",\"query-input\":\"required name=search_term_string\"}],\"inLanguage\":\"es\"},{\"@type\":\"WebPage\",\"@id\":\"https:\/\/www.denisrovira.com\/es\/director-films-anuncios\/#webpage\",\"url\":\"https:\/\/www.denisrovira.com\/es\/director-films-anuncios\/\",\"name\":\"Sobre Cineasta, Director de Anuncios, y Escritor | Denis Rovira\",\"isPartOf\":{\"@id\":\"https:\/\/www.denisrovira.com\/#website\"},\"datePublished\":\"2014-03-21T09:13:29+00:00\",\"dateModified\":\"2023-02-24T09:31:45+00:00\",\"description\":\"Denis Rovira, Director y Guionista de Cinema, largometraje La influencia (Sony pictures) multipremiados cortometrajes \\u201cEl Grifo\\u201d, \\u201cLazarus Taxon\\u201d y \\u201cAngel\\u201d\",\"inLanguage\":\"es\",\"potentialAction\":[{\"@type\":\"ReadAction\",\"target\":[\"https:\/\/www.denisrovira.com\/es\/director-films-anuncios\/\"]}]}]}<\/script>\n<!-- \/ Yoast SEO plugin. -->","_links":{"self":[{"href":"https:\/\/www.denisrovira.com\/es\/wp-json\/wp\/v2\/pages\/16"}],"collection":[{"href":"https:\/\/www.denisrovira.com\/es\/wp-json\/wp\/v2\/pages"}],"about":[{"href":"https:\/\/www.denisrovira.com\/es\/wp-json\/wp\/v2\/types\/page"}],"author":[{"embeddable":true,"href":"https:\/\/www.denisrovira.com\/es\/wp-json\/wp\/v2\/users\/2"}],"replies":[{"embeddable":true,"href":"https:\/\/www.denisrovira.com\/es\/wp-json\/wp\/v2\/comments?post=16"}],"version-history":[{"count":54,"href":"https:\/\/www.denisrovira.com\/es\/wp-json\/wp\/v2\/pages\/16\/revisions"}],"predecessor-version":[{"id":1323,"href":"https:\/\/www.denisrovira.com\/es\/wp-json\/wp\/v2\/pages\/16\/revisions\/1323"}],"wp:attachment":[{"href":"https:\/\/www.denisrovira.com\/es\/wp-json\/wp\/v2\/media?parent=16"}],"curies":[{"name":"wp","href":"https:\/\/api.w.org\/{rel}","templated":true}]}}